{"id":100,"date":"2014-03-11T10:54:19","date_gmt":"2014-03-11T10:54:19","guid":{"rendered":"http:\/\/www.cssigniter.com\/preview\/santorini\/?page_id=100"},"modified":"2019-03-27T23:58:40","modified_gmt":"2019-03-27T23:58:40","slug":"sobre-nos","status":"publish","type":"page","link":"https:\/\/www.luzholidays.com\/pt\/sobre-nos\/","title":{"rendered":"Sobre a Luz Holidays"},"content":{"rendered":"<p><strong>Somos uma empresa algarvia com mais de mais de 20 anos de experi\u00eancia a administrar propriedades na zona da <a href=\"http:\/\/www.luzholidays.com\/pt\/vista\/praia-da-luz\/\">Praia da Luz<\/a> \/ <a href=\"http:\/\/www.luzholidays.com\/pt\/vista\/lagos\/\">Lagos<\/a>, n\u00f3s investimos o nosso conhecimento em encontrar a melhor propriedade para as f\u00e9rias dos nossos clientes. As nossas propriedades v\u00e3o desde apartamentos a Vilas. Todas elas propriedade privada e administradas por n\u00f3s.<\/strong><\/p>\n<p>Como uma empresa de administra\u00e7\u00e3o oferecemos um leque completo de servi\u00e7os e apoio aos donos de casas, de forma a garantir que as suas propriedades est\u00e3o em perfeitas condi\u00e7\u00f5es. Tamb\u00e9m garantimos aos nossos clientes de f\u00e9rias que as casas s\u00e3o confort\u00e1veis e seguras.<\/p>\n<p>Todas as propriedades t\u00eam um livro com toda a informa\u00e7\u00e3o necess\u00e1ria para usar a propriedade, como tamb\u00e9m informa\u00e7\u00f5es detalhadas sobre a zona da Vila da Luz e Lagos, e como sempre estaremos dispon\u00edveis no nosso escrit\u00f3rio e por telefone caso seja preciso.<\/p>\n<h3>De forma a melhorar as suas f\u00e9rias, podemos p\u00f4r \u00e0 disposi\u00e7\u00e3o<\/h3>\n<ul>\n<li>Aluguer de Autom\u00f3veis a Pre\u00e7os Competitivos<\/li>\n<li>Servi\u00e7o de T\u00e1xis<\/li>\n<li>Cadeiras de Crian\u00e7a<\/li>\n<li>Tomar conta de Crian\u00e7as (Baby-Sitting)<\/li>\n<li>Compras para a vossa chegada (lista e pagamento da responsabilidade do cliente)<\/li>\n<li>Passeios de Barco &#8211; com ou sem tripula\u00e7\u00e3o<\/li>\n<li>Parques aqu\u00e1ticos<\/li>\n<li>Desportos aqu\u00e1ticos<\/li>\n<li>Bicicletas e Motas<\/li>\n<li>Todo o tipo de Excurs\u00f5es<\/li>\n<\/ul>\n<p>e muito mais&#8230;<\/p>\n<h3>A nossa miss\u00e3o<\/h3>\n<ul>\n<li>A melhor e mais profissional administra\u00e7\u00e3o das suas propriedades<\/li>\n<li>Continuar a oferecer pre\u00e7os de qualidade, de acordo com a localiza\u00e7\u00e3o, standard e \u00e9poca do ano.<\/li>\n<li>Continuar a providenciar a informa\u00e7\u00e3o mais fidedigna em rela\u00e7\u00e3o \u00e0s propriedades<\/li>\n<li>Proporcionar as melhores f\u00e9rias de sempre na Praia da Luz, Algarve<\/li>\n<\/ul>\n<h3>Sugest\u00f5es<\/h3>\n<p>\u00c9 nosso objetivo a constante melhoria dos nossos servi\u00e7os e do nosso site da internet. Ajude-nos a servi-lo melhor, as suas sugest\u00f5es s\u00e3o sempre envidadas.<br \/>\nUse a <a href=\"http:\/\/www.luzholidays.com\/pt\/contactos\/\">p\u00e1gina de contactos<\/a> ou envie um mail para <a href=\"mailto:Info@LuzHolidays.com\">Info@LuzHolidays.com<\/a>.<br \/>\nAgradecemos a vossa prefer\u00eancia.<\/p>\n","protected":false},"excerpt":{"rendered":"<p>Somos uma empresa algarvia com mais de mais de 20 anos de experi\u00eancia a administrar propriedades na zona da Praia da Luz \/ Lagos, n\u00f3s investimos o nosso conhecimento em encontrar a melhor propriedade para as f\u00e9rias dos nossos clientes. As nossas propriedades v\u00e3o desde apartamentos a Vilas. Todas elas[&#8230;]<\/p>\n","protected":false},"author":1,"featured_media":3126,"parent":0,"menu_order":0,"comment_status":"open","ping_status":"closed","template":"","meta":{"footnotes":""},"class_list":["post-100","page","type-page","status-publish","has-post-thumbnail","hentry"],"_links":{"self":[{"href":"https:\/\/www.luzholidays.com\/pt\/wp-json\/wp\/v2\/pages\/100","targetHints":{"allow":["GET"]}}],"collection":[{"href":"https:\/\/www.luzholidays.com\/pt\/wp-json\/wp\/v2\/pages"}],"about":[{"href":"https:\/\/www.luzholidays.com\/pt\/wp-json\/wp\/v2\/types\/page"}],"author":[{"embeddable":true,"href":"https:\/\/www.luzholidays.com\/pt\/wp-json\/wp\/v2\/users\/1"}],"replies":[{"embeddable":true,"href":"https:\/\/www.luzholidays.com\/pt\/wp-json\/wp\/v2\/comments?post=100"}],"version-history":[{"count":0,"href":"https:\/\/www.luzholidays.com\/pt\/wp-json\/wp\/v2\/pages\/100\/revisions"}],"wp:featuredmedia":[{"embeddable":true,"href":"https:\/\/www.luzholidays.com\/pt\/wp-json\/wp\/v2\/media\/3126"}],"wp:attachment":[{"href":"https:\/\/www.luzholidays.com\/pt\/wp-json\/wp\/v2\/media?parent=100"}],"curies":[{"name":"wp","href":"https:\/\/api.w.org\/{rel}","templated":true}]}}