{"id":3443,"date":"2020-08-19T11:28:19","date_gmt":"2020-08-19T10:28:19","guid":{"rendered":"https:\/\/www.luzholidays.com\/pt\/?page_id=3443"},"modified":"2021-05-05T18:25:53","modified_gmt":"2021-05-05T17:25:53","slug":"protocolo-de-limpeza-e-seguranca","status":"publish","type":"page","link":"https:\/\/www.luzholidays.com\/pt\/protocolo-de-limpeza-e-seguranca\/","title":{"rendered":"Protocolo de Limpeza e Seguran\u00e7a"},"content":{"rendered":"<p>Com o advento do coronav\u00edrus (covid-19) decidimos melhorar os nossos procedimentos de limpeza e higiene, bem como incluir o protocolo de limpeza \u201cClean &amp; Safe\u201d criado pelo Minist\u00e9rio de Sa\u00fade e o Turismo de Portugal.<\/p>\n<ul>\n<li>Temos um procedimento de sa\u00fade interno tanto para o nosso escrit\u00f3rio como para as nossas propriedades, que inclui seguir os cuidados gerais de sa\u00fade com a higieniza\u00e7\u00e3o das m\u00e3os, distanciamento social e vigil\u00e2ncia da sa\u00fade.<\/li>\n<li>Informamos tamb\u00e9m os nossos clientes sobre estes cuidados, bem como solicitamos a sua colabora\u00e7\u00e3o para mant\u00ea-los seguros, bem como ao nosso pessoal e escrit\u00f3rio.<\/li>\n<li>No arrendamento de apartamentos e vilas temos como regra n\u00e3o marcar para o mesmo dia entradas e sa\u00eddas, de forma a dar mais tempo \u00e1s nossas empregadas para arejarem, desinfetarem e limparem corretamente.<\/li>\n<li>Limpamos e desinfetamos o nosso escrit\u00f3rio v\u00e1rias vezes ao dia, com \u00eanfase nas \u00e1reas e objetos mais usados.<\/li>\n<li>Dentro do poss\u00edvel promovemos rotatividade no escrit\u00f3rio e deixamos uma parte do pessoal em teletrabalho.<\/li>\n<li>Se existe necessidade (f\u00e9rias, voltar de outro pais, suspeita de estar infectado) n\u00f3s providenciamos gratuitamente a todo o nosso pessoal testes gratuitos r\u00e1pidos ou laboratoriais.<\/li>\n<li>Nas nossas propriedades, solicitamos aos nossos clientes que n\u00e3o estejam na propriedade quando for marcada uma limpeza, isso ajuda ambas as partes a estarem seguras e a que a limpeza possa ser feita rapidamente e em seguran\u00e7a.<\/li>\n<li>Al\u00e9m da limpeza profissional que j\u00e1 providenci\u00e1vamos, tamb\u00e9m tomamos extra cuidado em arejar a casa e limpar com produtos desinfetantes, bem como desinfetar as superf\u00edcies mais usadas.<\/li>\n<li>Tentaremos tamb\u00e9m favorecer uma limpeza h\u00famida e evitar se poss\u00edvel aspiradores, especialmente se n\u00e3o for uma limpeza entre clientes.<\/li>\n<li>Para as roupas das casas temos um cuidado redobrado em dobrar a roupa suja para n\u00e3o empurrar part\u00edculas para o ar e lavamos tudo a 60\u00baC ou se a uma temperatura inferior utilizamos um detergente desinfetante.<\/li>\n<li>Todos os nossos funcion\u00e1rios tem acesso e usam equipamentos de prote\u00e7\u00e3o individual quando necess\u00e1rio.<\/li>\n<\/ul>\n<p><strong>O Protocolo &#8220;Clean &amp; Safe&#8221; Inclui<\/strong><\/p>\n<ul>\n<li>Todo o pessoal do escrit\u00f3rio recebeu instru\u00e7\u00f5es e informa\u00e7\u00e3o sobre a pandemia inclu\u00eddo todas as precau\u00e7\u00f5es b\u00e1sicas tanto para seguir no escrit\u00f3rio como em casa, inclu\u00eddo monitorizar a sua pr\u00f3pria sa\u00fade e seguir as recomenda\u00e7\u00f5es do Minist\u00e9rio da Sa\u00fade.<\/li>\n<li>N\u00f3s informamos todos os nossos donos de casas e clientes sobre as nossas regras tanto do escrit\u00f3rio como de cada apartamento ou vila que est\u00e1 no nosso encargo de forma a garantir a seguran\u00e7a de toda a gente.<\/li>\n<li>Temos tamb\u00e9m um plano de isolamento em caso de suspeita de estar infetado, tanto no suporte e ajuda como tamb\u00e9m na posterior desinfe\u00e7\u00e3o.<\/li>\n<li>Todas as superf\u00edcies de contacto s\u00e3o limpas e desinfetadas tendo especial aten\u00e7\u00e3o para os objetos e superf\u00edcies de contacto regular que s\u00e3o limpas e desinfetadas com mais frequ\u00eancia, isso tamb\u00e9m inclui arejar tanto o escrit\u00f3rio como todas as propriedades regularmente.<\/li>\n<li>Garantimos que todas as piscinas e jacuzzi s\u00e3o devidamente limpos, mantidos e desinfetados com cloro.<\/li>\n<li>Providenciamos todo o material de prote\u00e7\u00e3o pessoal necess\u00e1rio, tanto a todos os empregados da empresa como a qualquer cliente que necessite, providenciamos em todas as entradas dispensadores de \u00e1lcool para as m\u00e3os como tamb\u00e9m um separador para o contacto com clientes, tamb\u00e9m restringimos a 1 cliente no interior de cada vez.<\/li>\n<li>Monitorizamos e registamos a temperatura de todos os empregados v\u00e1rias vezes ao dia.<\/li>\n<li>A limpeza das casas \u00e9 feita em 2 fases distintas, primeiro areja-se a casa, remove-se todas as roupas com cuidado, seguido do lixo e por fim \u00e9 feita e limpeza, a roupa \u00e9 lavada normalmente a pelo menos 60\u00baC, segundo \u00e9 feita a desinfe\u00e7\u00e3o da casa tendo especial destaque nas superf\u00edcies mais utilizadas.<\/li>\n<\/ul>\n<p>Esta p\u00e1gina foi atualizada em Maio de 2021, pois estamos continuamente a melhorar o nosso protocolo de higiene e limpeza tanto do nosso escrit\u00f3rio e propriedades.<\/p>\n<p>Para mais informa\u00e7\u00f5es esta \u00e9 a <a href=\"https:\/\/www.visitportugal.com\/pt-pt\/content\/clean-and-safe\" target=\"_blank\" rel=\"noopener noreferrer\">informa\u00e7\u00e3o oficial sobre o protocolo \u201cClean &amp; Safe\u201d<\/a>.<\/p>\n","protected":false},"excerpt":{"rendered":"<p>Com o advento do coronav\u00edrus (covid-19) decidimos melhorar os nossos procedimentos de limpeza e higiene, bem como incluir o protocolo de limpeza \u201cClean &amp; Safe\u201d criado pelo Minist\u00e9rio de Sa\u00fade e o Turismo de Portugal. Temos um procedimento de sa\u00fade interno tanto para o nosso escrit\u00f3rio como para as nossas[&#8230;]<\/p>\n","protected":false},"author":1,"featured_media":3444,"parent":0,"menu_order":0,"comment_status":"closed","ping_status":"closed","template":"","meta":{"footnotes":""},"class_list":["post-3443","page","type-page","status-publish","has-post-thumbnail","hentry"],"_links":{"self":[{"href":"https:\/\/www.luzholidays.com\/pt\/wp-json\/wp\/v2\/pages\/3443","targetHints":{"allow":["GET"]}}],"collection":[{"href":"https:\/\/www.luzholidays.com\/pt\/wp-json\/wp\/v2\/pages"}],"about":[{"href":"https:\/\/www.luzholidays.com\/pt\/wp-json\/wp\/v2\/types\/page"}],"author":[{"embeddable":true,"href":"https:\/\/www.luzholidays.com\/pt\/wp-json\/wp\/v2\/users\/1"}],"replies":[{"embeddable":true,"href":"https:\/\/www.luzholidays.com\/pt\/wp-json\/wp\/v2\/comments?post=3443"}],"version-history":[{"count":0,"href":"https:\/\/www.luzholidays.com\/pt\/wp-json\/wp\/v2\/pages\/3443\/revisions"}],"wp:featuredmedia":[{"embeddable":true,"href":"https:\/\/www.luzholidays.com\/pt\/wp-json\/wp\/v2\/media\/3444"}],"wp:attachment":[{"href":"https:\/\/www.luzholidays.com\/pt\/wp-json\/wp\/v2\/media?parent=3443"}],"curies":[{"name":"wp","href":"https:\/\/api.w.org\/{rel}","templated":true}]}}